{"id":18332,"date":"2025-03-04T10:26:20","date_gmt":"2025-03-04T07:26:20","guid":{"rendered":"https:\/\/teknosem.com.tr\/lab\/?post_type=product&#038;p=18332"},"modified":"2025-03-18T13:40:19","modified_gmt":"2025-03-18T10:40:19","slug":"plts-8-10-liyofilizator","status":"publish","type":"product","link":"https:\/\/teknosem.com.tr\/lab\/urun\/plts-8-10-liyofilizator\/","title":{"rendered":"PLTS 8-10 Liyofilizat\u00f6r"},"content":{"rendered":"\n<p>Teknosem\u2019in \u00f6zel steril alanlar i\u00e7in tasarlanm\u0131\u015f pilot tip liyofilizat\u00f6r\u00fc, biyoteknoloji, ila\u00e7 ve laboratuvar ortamlar\u0131nda en y\u00fcksek hijyen standartlar\u0131n\u0131 kar\u015f\u0131lamak \u00fczere geli\u015ftirilmi\u015ftir. Y\u00fcksek performans, tam otomasyon ve steril \u00e7al\u0131\u015fma ortam\u0131 sa\u011flayan bu model, kritik uygulamalarda g\u00fcvenilir ve verimli liyofilizasyon i\u015flemi sunar.<\/p>\n\n\n\n<p><strong>Tamamen Paslanmaz \u00c7elik \u00d6n Y\u00fczey:<\/strong><br>Cihaz\u0131n \u00f6n y\u00fczeyi tamamen paslanmaz \u00e7elikten \u00fcretilmi\u015ftir. Bu sayede steril alanlarla tam uyumluluk sa\u011flar ve uzun \u00f6m\u00fcrl\u00fc kullan\u0131m sunar.<\/p>\n\n\n\n<p><strong>Ayr\u0131 B\u00f6lmeli Tasar\u0131m:<\/strong><br>Bakteri olu\u015fumunu engellemek ve \u00e7apraz kontaminasyonu \u00f6nlemek i\u00e7in, kurutma i\u015fleminin yap\u0131ld\u0131\u011f\u0131 vakum odas\u0131 ile buz tutma b\u00f6lmesi farkl\u0131 odalarda olacak \u015fekilde tasarlanm\u0131\u015ft\u0131r. Bu yap\u0131, sterilizasyon gereksinimlerini en \u00fcst d\u00fczeye \u00e7\u0131kar\u0131r.<\/p>\n\n\n\n<h2 class=\"wp-block-heading\"><strong>Sens\u00f6r Sistemi ile Verimli Kurutma<\/strong><\/h2>\n\n\n\n<p>Pilot tip liyofilizat\u00f6rlerde, numunelerin do\u011fru \u015fekilde kurutulmas\u0131n\u0131 sa\u011flamak i\u00e7in sens\u00f6r teknolojisi kullan\u0131l\u0131r. Farkl\u0131 raflardaki numuneler farkl\u0131 h\u0131zlarda donabilir ve e\u011fer vakum, tam donmam\u0131\u015f bir numune varken ba\u015flat\u0131l\u0131rsa, kurutma i\u015flemi ba\u015far\u0131s\u0131z olur. Bunu \u00f6nlemek i\u00e7in her rafta \u00f6zel sens\u00f6rler bulunur ve numunelerin durumu anl\u0131k olarak izlenir. Ak\u0131ll\u0131 sistem, t\u00fcm numuneler tamamen donana kadar vakumu ba\u015flatmaz ve ayn\u0131 \u015fekilde kurutma tamamlanmad\u0131\u011f\u0131nda s\u00fcreyi otomatik olarak uzat\u0131r. Bu sayede her i\u015flemde maksimum verim ve m\u00fckemmel sonu\u00e7 elde edilir.<\/p>\n\n\n\n<figure class=\"wp-block-gallery has-nested-images columns-default is-cropped wp-block-gallery-1 is-layout-flex wp-block-gallery-is-layout-flex\">\n<figure class=\"wp-block-image size-large\"><img fetchpriority=\"high\" decoding=\"async\" width=\"894\" height=\"800\" data-id=\"18309\" src=\"https:\/\/teknosem.com.tr\/lab\/wp-content\/uploads\/2025\/03\/web-sitesi-PLTS-8-10-9-894x800.jpg\" alt=\"\" class=\"wp-image-18309\" srcset=\"https:\/\/teknosem.com.tr\/lab\/wp-content\/uploads\/2025\/03\/web-sitesi-PLTS-8-10-9-894x800.jpg 894w, https:\/\/teknosem.com.tr\/lab\/wp-content\/uploads\/2025\/03\/web-sitesi-PLTS-8-10-9-335x300.jpg 335w, https:\/\/teknosem.com.tr\/lab\/wp-content\/uploads\/2025\/03\/web-sitesi-PLTS-8-10-9-13x12.jpg 13w\" sizes=\"(max-width: 894px) 100vw, 894px\" \/><\/figure>\n\n\n\n<figure class=\"wp-block-image size-large\"><img decoding=\"async\" width=\"894\" height=\"800\" data-id=\"18308\" src=\"https:\/\/teknosem.com.tr\/lab\/wp-content\/uploads\/2025\/03\/web-sitesi-PLTS-8-10-8-894x800.jpg\" alt=\"\" class=\"wp-image-18308\" srcset=\"https:\/\/teknosem.com.tr\/lab\/wp-content\/uploads\/2025\/03\/web-sitesi-PLTS-8-10-8-894x800.jpg 894w, https:\/\/teknosem.com.tr\/lab\/wp-content\/uploads\/2025\/03\/web-sitesi-PLTS-8-10-8-335x300.jpg 335w, https:\/\/teknosem.com.tr\/lab\/wp-content\/uploads\/2025\/03\/web-sitesi-PLTS-8-10-8-13x12.jpg 13w\" sizes=\"(max-width: 894px) 100vw, 894px\" \/><\/figure>\n<\/figure>\n\n\n\n<h2 class=\"wp-block-heading\">Mobil temiz hava kabini<\/h2>\n\n\n\n<p>Teknosem\u2019in pilot tip liyofilizat\u00f6rleri ile uyumlu olarak tasarlanan mobil temiz hava kabini, sterilite standartlar\u0131n\u0131 en \u00fcst d\u00fczeye \u00e7\u0131kar\u0131r. %99.995 oran\u0131nda temiz hava ak\u0131\u015f\u0131 sa\u011flayan bu kabin, kullan\u0131c\u0131lar\u0131n hassas i\u015flemlerini g\u00fcvenle ger\u00e7ekle\u015ftirmelerine olanak tan\u0131r.<\/p>\n\n\n\n<p>Kabin i\u00e7erisinde yer alan \u00f6zel masa, numunelerin kurutma i\u015flemine ge\u00e7meden \u00f6nce steril bir ortamda haz\u0131rlanmas\u0131n\u0131 sa\u011flar. Bu, kullan\u0131c\u0131lar\u0131n t\u00fcm i\u015flemleri tek bir alanda, g\u00fcvenli ve hijyenik bir \u015fekilde tamamlamas\u0131na olanak tan\u0131r.<\/p>\n\n\n\n<p>Steril hava kabini, liyofilizat\u00f6rle m\u00fckemmel bir uyum i\u00e7inde \u00e7al\u0131\u015f\u0131r:<\/p>\n\n\n\n<ul class=\"wp-block-list\">\n<li>Kullan\u0131c\u0131lar, steril kabin i\u00e7erisinde numuneleri haz\u0131rlar ve liyofilizat\u00f6re yerle\u015ftirir.<\/li>\n\n\n\n<li>Liyofilizat\u00f6r, numunelerin kapaklar\u0131n\u0131 otomatik olarak kapatarak vakumlu bir \u015fekilde i\u015fleme al\u0131r.<\/li>\n\n\n\n<li>\u0130\u015flem sonunda kullan\u0131c\u0131lar, tamamen steril ve kullan\u0131ma haz\u0131r numuneleri alabilir.<\/li>\n<\/ul>\n\n\n\n<p>Bu yenilik\u00e7i tasar\u0131m, numune haz\u0131rlama, dondurma ve kurutma i\u015flemlerini tek bir ak\u0131\u015f i\u00e7erisinde ve maksimum steriliteyle ger\u00e7ekle\u015ftirerek zaman kazand\u0131r\u0131r ve i\u015flem g\u00fcvenilirli\u011fini art\u0131r\u0131r. \u00d6zellikle ila\u00e7, biyoteknoloji ve g\u0131da end\u00fcstrilerinde kullan\u0131c\u0131lar\u0131n beklentilerini a\u015fan bir \u00e7\u00f6z\u00fcm sunar.<\/p>\n\n\n\n<h2 class=\"wp-block-heading\">Kullan\u0131c\u0131 Dostu \u00d6zel Tepsi Tasar\u0131m\u0131<\/h2>\n\n\n\n<p>Teknosem, numune yerle\u015ftirme ve toplama i\u015flemlerini daha h\u0131zl\u0131, pratik ve ergonomik hale getirmek i\u00e7in kullan\u0131c\u0131 dostu bir \u00f6zel tepsi tasar\u0131m\u0131 geli\u015ftirdi. Bu yenilik\u00e7i tasar\u0131m, \u00f6zellikle \u015fi\u015fe y\u00fckleme ve \u00e7\u0131karma s\u00fcre\u00e7lerini kolayla\u015ft\u0131r\u0131r.<\/p>\n\n\n\n<ul class=\"wp-block-list\">\n<li><strong>Geni\u015f ve Ferah \u00c7al\u0131\u015fma Alan\u0131: <\/strong>\u015ei\u015feleri, geni\u015f bir y\u00fczeye h\u0131zl\u0131 ve d\u00fczenli bir \u015fekilde dizmenizi sa\u011flar. Bu, tek tek yerle\u015ftirme zorunlulu\u011funu ortadan kald\u0131rarak zamandan tasarruf etmenizi sa\u011flar.<\/li>\n\n\n\n<li><strong>Kolay Raf Yerle\u015ftirme:<\/strong> \u015ei\u015feler tepsiye dizildikten sonra, tepsi rafa yerle\u015ftirilir. Tepsinin \u00f6zel aparat\u0131, \u015fi\u015feleri g\u00fcvenli bir \u015fekilde tutar. Ana tepsi geri \u00e7ekildi\u011finde, \u015fi\u015feler rafta sabit ve d\u00fczenli bir \u015fekilde kal\u0131r.<\/li>\n\n\n\n<li><strong>Pratik \u00c7\u0131karma \u0130\u015flemi:<\/strong> Kurutma i\u015flemi tamamland\u0131ktan sonra, ana tepsiyi raf\u0131n \u00f6n\u00fcne getirerek \u015fi\u015feleri birlikte tutan \u00f6zel aparatla kolayca \u00e7ekebilirsiniz. B\u00f6ylece \u015fi\u015felerin hepsi ana tepside h\u0131zl\u0131 ve g\u00fcvenli bir \u015fekilde toplan\u0131r.<\/li>\n<\/ul>\n\n\n\n<figure class=\"wp-block-gallery has-nested-images columns-default is-cropped wp-block-gallery-2 is-layout-flex wp-block-gallery-is-layout-flex\">\n<figure class=\"wp-block-image size-large\"><img decoding=\"async\" width=\"1300\" height=\"619\" data-id=\"18319\" src=\"https:\/\/teknosem.com.tr\/lab\/wp-content\/uploads\/2025\/03\/K6-kopya-1300x619.jpg\" alt=\"\" class=\"wp-image-18319\" srcset=\"https:\/\/teknosem.com.tr\/lab\/wp-content\/uploads\/2025\/03\/K6-kopya-1300x619.jpg 1300w, https:\/\/teknosem.com.tr\/lab\/wp-content\/uploads\/2025\/03\/K6-kopya-400x190.jpg 400w, https:\/\/teknosem.com.tr\/lab\/wp-content\/uploads\/2025\/03\/K6-kopya-18x9.jpg 18w\" sizes=\"(max-width: 1300px) 100vw, 1300px\" \/><\/figure>\n<\/figure>\n\n\n\n<p><strong>Kullan\u0131m Alanlar\u0131<\/strong><\/p>\n\n\n\n<ul class=\"wp-block-list\">\n<li><strong>\u0130la\u00e7 End\u00fcstrisi:<\/strong> A\u015f\u0131lar, biyoteknolojik ila\u00e7lar ve serumlar\u0131n kurutulmas\u0131<\/li>\n\n\n\n<li><strong>Biyoteknoloji:<\/strong> H\u00fccre k\u00fclt\u00fcr\u00fc, enzimler ve protein bazl\u0131 \u00e7\u00f6zeltilerin stabilizasyonu<\/li>\n\n\n\n<li><strong>G\u0131da End\u00fcstrisi:<\/strong> Meyve, sebze, kahve ve s\u00fct \u00fcr\u00fcnleri gibi g\u0131dalar\u0131n uzun \u00f6m\u00fcrl\u00fc hale getirilmesi<\/li>\n\n\n\n<li><strong>Kimya Laboratuvarlar\u0131:<\/strong> Organik \u00e7\u00f6z\u00fcc\u00fc i\u00e7eren kar\u0131\u015f\u0131mlar\u0131n kurutulmas\u0131<\/li>\n\n\n\n<li><strong>Ara\u015ft\u0131rma Laboratuvarlar\u0131:<\/strong> \u00dcniversiteler ve AR-GE merkezlerinde dondurarak kurutma i\u015flemleri<\/li>\n<\/ul>\n\n\n\n<p><strong>S\u0131k\u00e7a Sorulan Sorular<\/strong><\/p>\n\n\n\n<p><strong>Liyofilizasyon i\u015flemi ne kadar s\u00fcrer?<\/strong><br>S\u00fcre, numunenin i\u00e7eri\u011fine ve miktar\u0131na ba\u011fl\u0131 olarak de\u011fi\u015fir. Genellikle birka\u00e7 saatten birka\u00e7 g\u00fcne kadar s\u00fcrebilir.<\/p>\n\n\n\n<p><strong>Steril ortam nas\u0131l sa\u011flan\u0131yor?<\/strong><br>Cihaz\u0131n paslanmaz \u00e7elik y\u00fczeyi, ayr\u0131 b\u00f6lmeli tasar\u0131m\u0131 ve HEPA filtreli mobil temiz hava kabini sayesinde tam sterilite sa\u011flan\u0131r.<\/p>\n\n\n\n<p><strong>Cihaz hangi standartlara uygun?<\/strong><br>Pilot tip liyofilizat\u00f6r, farmas\u00f6tik ve biyoteknolojik s\u00fcre\u00e7ler i\u00e7in GMP ve FDA gibi uluslararas\u0131 sterilizasyon standartlar\u0131na uygundur.<\/p>\n\n\n\n<p><strong>Cihaz\u0131n raf s\u0131cakl\u0131\u011f\u0131 nas\u0131l kontrol ediliyor?<\/strong><br>Cihaz\u0131n kontrol \u00fcbitesinden istenilen raf s\u0131cakl\u0131\u011f\u0131 ayarlan\u0131labilir. Ak\u0131ll\u0131 sens\u00f6rler ile her raf\u0131n s\u0131cakl\u0131\u011f\u0131 ayr\u0131 ayr\u0131 izlenerek, kurutma i\u015flemi tamamen otomatik bir \u015fekilde y\u00f6netilir.<\/p>\n","protected":false},"excerpt":{"rendered":"<p>Teknosem\u2019in \u00f6zel steril alanlar i\u00e7in tasarlanm\u0131\u015f pilot tip liyofilizat\u00f6r\u00fc, biyoteknoloji, ila\u00e7 ve laboratuvar ortamlar\u0131nda en y\u00fcksek hijyen standartlar\u0131n\u0131 kar\u015f\u0131lamak \u00fczere geli\u015ftirilmi\u015ftir. Y\u00fcksek performans, tam otomasyon ve steril \u00e7al\u0131\u015fma ortam\u0131 sa\u011flayan bu model, kritik uygulamalarda g\u00fcvenilir ve verimli liyofilizasyon i\u015flemi sunar.<\/p>\n<div>\n<p><span style=\"font-weight: 400;\"> <a href=\"https:\/\/teknosem.com.tr\/lab\/wp-content\/uploads\/2025\/03\/PLT-Liyofilizator-06.jpg\"><img loading=\"lazy\" decoding=\"async\" class=\"alignnone wp-image-17581 size-full\" src=\"https:\/\/teknosem.com.tr\/lab\/wp-content\/uploads\/2024\/11\/tanitim-dokumani.png\" alt=\"\" width=\"311\" height=\"36\" srcset=\"https:\/\/teknosem.com.tr\/lab\/wp-content\/uploads\/2024\/11\/tanitim-dokumani.png 311w, https:\/\/teknosem.com.tr\/lab\/wp-content\/uploads\/2024\/11\/tanitim-dokumani-18x2.png 18w\" sizes=\"(max-width: 311px) 100vw, 311px\" \/><\/a><\/p>\n<p><a href=\"https:\/\/teknosem.com.tr\/lab\/wp-content\/uploads\/2024\/11\/Liyofilizator-8-10-2020-01.jpg\"><img loading=\"lazy\" decoding=\"async\" class=\"alignnone wp-image-17582 size-full\" src=\"https:\/\/teknosem.com.tr\/lab\/wp-content\/uploads\/2024\/11\/Kullanim-Kilavuz.png\" alt=\"\" width=\"311\" height=\"36\" srcset=\"https:\/\/teknosem.com.tr\/lab\/wp-content\/uploads\/2024\/11\/Kullanim-Kilavuz.png 311w, https:\/\/teknosem.com.tr\/lab\/wp-content\/uploads\/2024\/11\/Kullanim-Kilavuz-18x2.png 18w\" sizes=\"(max-width: 311px) 100vw, 311px\" \/> <\/a><\/p>\n<p><a href=\"https:\/\/teknosem.com.tr\/lab\/teklif-al\/\"><img loading=\"lazy\" decoding=\"async\" class=\"alignnone wp-image-17583 size-full\" src=\"https:\/\/teknosem.com.tr\/lab\/wp-content\/uploads\/2024\/11\/teklif-al.png\" alt=\"\" width=\"311\" height=\"35\" srcset=\"https:\/\/teknosem.com.tr\/lab\/wp-content\/uploads\/2024\/11\/teklif-al.png 311w, https:\/\/teknosem.com.tr\/lab\/wp-content\/uploads\/2024\/11\/teklif-al-18x2.png 18w\" sizes=\"(max-width: 311px) 100vw, 311px\" \/><\/a><\/span><\/div>\n","protected":false},"featured_media":18316,"comment_status":"open","ping_status":"closed","template":"","meta":{"inline_featured_image":false},"product_brand":[],"product_cat":[184,20],"product_tag":[],"class_list":{"0":"post-18332","1":"product","2":"type-product","3":"status-publish","4":"has-post-thumbnail","6":"product_cat-liyofilizator","7":"product_cat-laboratuvar-cihazlari","9":"first","10":"instock","11":"shipping-taxable","12":"product-type-simple"},"_links":{"self":[{"href":"https:\/\/teknosem.com.tr\/lab\/wp-json\/wp\/v2\/product\/18332","targetHints":{"allow":["GET"]}}],"collection":[{"href":"https:\/\/teknosem.com.tr\/lab\/wp-json\/wp\/v2\/product"}],"about":[{"href":"https:\/\/teknosem.com.tr\/lab\/wp-json\/wp\/v2\/types\/product"}],"replies":[{"embeddable":true,"href":"https:\/\/teknosem.com.tr\/lab\/wp-json\/wp\/v2\/comments?post=18332"}],"wp:featuredmedia":[{"embeddable":true,"href":"https:\/\/teknosem.com.tr\/lab\/wp-json\/wp\/v2\/media\/18316"}],"wp:attachment":[{"href":"https:\/\/teknosem.com.tr\/lab\/wp-json\/wp\/v2\/media?parent=18332"}],"wp:term":[{"taxonomy":"product_brand","embeddable":true,"href":"https:\/\/teknosem.com.tr\/lab\/wp-json\/wp\/v2\/product_brand?post=18332"},{"taxonomy":"product_cat","embeddable":true,"href":"https:\/\/teknosem.com.tr\/lab\/wp-json\/wp\/v2\/product_cat?post=18332"},{"taxonomy":"product_tag","embeddable":true,"href":"https:\/\/teknosem.com.tr\/lab\/wp-json\/wp\/v2\/product_tag?post=18332"}],"curies":[{"name":"wp","href":"https:\/\/api.w.org\/{rel}","templated":true}]}}