{"id":18768,"date":"2026-02-16T12:24:55","date_gmt":"2026-02-16T09:24:55","guid":{"rendered":"https:\/\/teknosem.com.tr\/lab\/?post_type=product&#038;p=18768"},"modified":"2026-02-16T14:24:03","modified_gmt":"2026-02-16T11:24:03","slug":"tab-100-azot-evaporatoru","status":"publish","type":"product","link":"https:\/\/teknosem.com.tr\/lab\/en\/product\/tab-100-azot-evaporatoru\/","title":{"rendered":"TAB-100 Azot Evaporat\u00f6r\u00fc"},"content":{"rendered":"<p>TEKNOSEM\u2019in TAB-100 modeli, laboratuvar \u00e7\u00f6zeltilerinin buharla\u015ft\u0131r\u0131lmas\u0131 ve konsantre edilmesi i\u015flemlerinde y\u00fcksek performans sunmak i\u00e7in geli\u015ftirilmi\u015f bir azot evaporat\u00f6r\u00fcd\u00fcr. 100 numuneye kadar kapasitesi ve dayan\u0131kl\u0131 paslanmaz \u00e7elik yap\u0131s\u0131yla kimya, biyoteknoloji, g\u0131da ve farmas\u00f6tik alanlar\u0131nda yo\u011fun kullan\u0131m sa\u011flar. Ayarlanabilir azot ak\u0131\u015f\u0131 ve PID s\u0131cakl\u0131k kontrol\u00fc ile \u00e7al\u0131\u015farak, numune kayb\u0131n\u0131 minimize eder ve i\u015flem s\u00fcresini k\u0131salt\u0131r.<\/p>\n\n\n\n<p><strong>Applications<\/strong><\/p>\n\n\n\n<ul class=\"wp-block-list\">\n<li><strong>Chemistry and Biotechnology:<\/strong> Facilitates solution evaporation and concentration.<\/li>\n\n\n\n<li><strong>Food and Pharmaceutical Industry:<\/strong> Efficient for solvent removal in samples.<\/li>\n\n\n\n<li><strong>Research Laboratories:<\/strong> Supports multiple sample processing for various solutions.<\/li>\n<\/ul>\n\n\n\n<p><strong>Frequently Asked Questions<\/strong><\/p>\n\n\n\n<p><strong>TAB-100\u2019\u00fcn avantajlar\u0131 nelerdir?<\/strong><br>Its stainless steel construction, large sample capacity, and PID temperature control offer high precision.<\/p>\n\n\n\n<p><strong>Operating temperature range?<\/strong><br>The PID temperature control allows for a broad operating range.<\/p>\n\n\n\n<p><strong>Sample capacity?<\/strong><br>100 numuneye kadar kapasite sunar.<\/p>\n\n\n\n<p><\/p>","protected":false},"excerpt":{"rendered":"<div>\n<p><span style=\"font-weight: 400;\">Azot evaporat\u00f6r\u00fc \u00f6rnek numunelerin sabit s\u0131cakl\u0131k sabit hacim ve stabil ak\u0131\u015fl\u0131 az\u0131t gaz\u0131 alt\u0131nda evaporasyon i\u015flemi yap\u0131lan cihazd\u0131r. TAB-100 modeli, kuru azot kullan\u0131m\u0131yla y\u00fcksek verimlilik sa\u011flar ve \u0131s\u0131tma i\u015flemi al\u00fcminyum blok \u00fczerinden ger\u00e7ekle\u015ftirilir. Cihaz, ayn\u0131 anda 100 adet numune kapasitesine sahiptir ve \u00e7\u0131kar\u0131labilir numune stand\u0131 ile kolay kullan\u0131m sunar.\u00a0\u00a0<\/p>\n<p><a href=\"https:\/\/teknosem.com.tr\/lab\/wp-content\/uploads\/2026\/02\/Tab-100-Flayer.jpg\"><img decoding=\"async\" class=\"alignnone wp-image-17581 size-full\" src=\"https:\/\/teknosem.com.tr\/lab\/wp-content\/uploads\/2024\/11\/tanitim-dokumani.png\" alt=\"\" width=\"311\" height=\"36\" srcset=\"https:\/\/teknosem.com.tr\/lab\/wp-content\/uploads\/2024\/11\/tanitim-dokumani.png 311w, https:\/\/teknosem.com.tr\/lab\/wp-content\/uploads\/2024\/11\/tanitim-dokumani-18x2.png 18w\" sizes=\"(max-width: 311px) 100vw, 311px\" \/><\/a><\/p>\n<p><a href=\"https:\/\/teknosem.com.tr\/lab\/wp-content\/uploads\/2026\/02\/TAB-100-V.1-web.pdf\"><img decoding=\"async\" class=\"alignnone wp-image-17582 size-full\" src=\"https:\/\/teknosem.com.tr\/lab\/wp-content\/uploads\/2024\/11\/Kullanim-Kilavuz.png\" alt=\"\" width=\"311\" height=\"36\" srcset=\"https:\/\/teknosem.com.tr\/lab\/wp-content\/uploads\/2024\/11\/Kullanim-Kilavuz.png 311w, https:\/\/teknosem.com.tr\/lab\/wp-content\/uploads\/2024\/11\/Kullanim-Kilavuz-18x2.png 18w\" sizes=\"(max-width: 311px) 100vw, 311px\" \/><\/a><\/p>\n<p><a href=\"https:\/\/teknosem.com.tr\/lab\/en\/teklif-al\/\"><img decoding=\"async\" class=\"alignnone wp-image-17583 size-full\" src=\"https:\/\/teknosem.com.tr\/lab\/wp-content\/uploads\/2024\/11\/teklif-al.png\" alt=\"\" width=\"311\" height=\"35\" srcset=\"https:\/\/teknosem.com.tr\/lab\/wp-content\/uploads\/2024\/11\/teklif-al.png 311w, https:\/\/teknosem.com.tr\/lab\/wp-content\/uploads\/2024\/11\/teklif-al-18x2.png 18w\" sizes=\"(max-width: 311px) 100vw, 311px\" \/><\/a><br \/><\/span><\/p>\n<\/div>\n<div>\n<\/div>\n<div>\u00a0<\/div>\n<div>\n<div>\u00a0<\/div>\n<\/div>","protected":false},"featured_media":18774,"comment_status":"open","ping_status":"closed","template":"","meta":{"inline_featured_image":false},"product_brand":[],"product_cat":[180,20],"product_tag":[],"class_list":{"0":"post-18768","1":"product","2":"type-product","3":"status-publish","4":"has-post-thumbnail","6":"product_cat-azot-evaporatoru","7":"product_cat-laboratuvar-cihazlari","9":"first","10":"instock","11":"shipping-taxable","12":"product-type-simple"},"_links":{"self":[{"href":"https:\/\/teknosem.com.tr\/lab\/en\/wp-json\/wp\/v2\/product\/18768","targetHints":{"allow":["GET"]}}],"collection":[{"href":"https:\/\/teknosem.com.tr\/lab\/en\/wp-json\/wp\/v2\/product"}],"about":[{"href":"https:\/\/teknosem.com.tr\/lab\/en\/wp-json\/wp\/v2\/types\/product"}],"replies":[{"embeddable":true,"href":"https:\/\/teknosem.com.tr\/lab\/en\/wp-json\/wp\/v2\/comments?post=18768"}],"wp:featuredmedia":[{"embeddable":true,"href":"https:\/\/teknosem.com.tr\/lab\/en\/wp-json\/wp\/v2\/media\/18774"}],"wp:attachment":[{"href":"https:\/\/teknosem.com.tr\/lab\/en\/wp-json\/wp\/v2\/media?parent=18768"}],"wp:term":[{"taxonomy":"product_brand","embeddable":true,"href":"https:\/\/teknosem.com.tr\/lab\/en\/wp-json\/wp\/v2\/product_brand?post=18768"},{"taxonomy":"product_cat","embeddable":true,"href":"https:\/\/teknosem.com.tr\/lab\/en\/wp-json\/wp\/v2\/product_cat?post=18768"},{"taxonomy":"product_tag","embeddable":true,"href":"https:\/\/teknosem.com.tr\/lab\/en\/wp-json\/wp\/v2\/product_tag?post=18768"}],"curies":[{"name":"wp","href":"https:\/\/api.w.org\/{rel}","templated":true}]}}