{"id":17410,"date":"2024-11-05T09:26:53","date_gmt":"2024-11-05T06:26:53","guid":{"rendered":"https:\/\/teknosem.com.tr\/lab\/?post_type=product&#038;p=17410"},"modified":"2025-03-18T13:48:23","modified_gmt":"2025-03-18T10:48:23","slug":"trs-2-2-liyofilizator-teknosem","status":"publish","type":"product","link":"https:\/\/teknosem.com.tr\/lab\/en\/product\/trs-2-2-liyofilizator-teknosem\/","title":{"rendered":"TRS 2-2 Liyofilizat\u00f6r"},"content":{"rendered":"<p>TEKNOSEM&#8217;in TRS 2-2 liyofilizat\u00f6r\u00fc, laboratuvar ortamlar\u0131nda g\u00fcvenilir kurutma ve dondurma i\u015flemleri i\u00e7in \u00f6zel olarak tasarlanm\u0131\u015ft\u0131r. 2,5 kg\/24 saat buz tutma kapasitesi, -55 \u00b0C kondanser s\u0131cakl\u0131\u011f\u0131 ve 5,8 litrelik kondansat\u00f6r hacmiyle donat\u0131lm\u0131\u015f olan bu cihaz, \u00f6zellikle biyolojik ve kimyasal numunelerin uzun s\u00fcre bozulmadan saklanmas\u0131 i\u00e7in idealdir. Vakumlu akrilik odas\u0131 ve paslanmaz \u00e7elik manifold sistemi ile TRS 2-2, kontaminasyona kar\u015f\u0131 y\u00fcksek koruma sa\u011flar. \u00c7evre dostu freon so\u011futma sistemiyle do\u011faya zarar vermeden verimli bir i\u015flem sunar.<\/p>\n\n\n\n<p><strong>Applications<\/strong><\/p>\n\n\n\n<p>TRS 2-2 Liyofilizat\u00f6r \u00e7e\u015fitli alanlarda kullan\u0131labilir:<\/p>\n\n\n\n<ul class=\"wp-block-list\">\n<li><strong>Food and Pharmaceutical Industry:<\/strong> Numunelerin uzun s\u00fcre biyolojik \u00f6zelliklerini korumas\u0131na yard\u0131mc\u0131 olur.<\/li>\n\n\n\n<li><strong>Chemistry and Biotechnology:<\/strong> Kimyasal ve biyolojik \u00f6rneklerin g\u00fcvenli bir \u015fekilde liyofilize edilmesi i\u00e7in idealdir.<\/li>\n\n\n\n<li><strong>Adli T\u0131p:<\/strong> DNA ve biyolojik materyallerin bozulmadan korunmas\u0131 i\u00e7in g\u00fcvenli bir ortam sunar.<\/li>\n\n\n\n<li><strong>Research Laboratories:<\/strong> \u00c7e\u015fitli \u00e7\u00f6zelti ve numunelerin stabilizasyonu i\u00e7in tercih edilir.<\/li>\n<\/ul>\n\n\n\n<p><strong>Frequently Asked Questions<\/strong><\/p>\n\n\n\n<p><strong>Operating temperature range?<\/strong><br>Kondansat\u00f6r -55 \u00b0C\u2019ye kadar so\u011futma yaparak d\u00fc\u015f\u00fck s\u0131cakl\u0131klarda g\u00fcvenli kurutma sa\u011flar.<\/p>\n\n\n\n<p><strong>Sample capacity?<\/strong><br>2,5 kg\/24 saat buz tutma kapasitesi ve geni\u015f manifold sistemi sayesinde \u00e7oklu numunelerle uyumlu \u00e7al\u0131\u015f\u0131r.<\/p>\n\n\n\n<p><\/p>","protected":false},"excerpt":{"rendered":"<p><span style=\"font-weight: 400;\">Liyofilizasyon y\u00f6ntemi ile kurutma, kat\u0131 maddelerin y\u00fcksek vakum enerjisi alt\u0131nda buharla\u015ft\u0131r\u0131larak s\u0131v\u0131 faza ge\u00e7meden gaz faz\u0131na d\u00f6n\u00fc\u015ft\u00fcrerek kurutulmas\u0131d\u0131r.<\/span><\/p>\n<p><span style=\"font-weight: 400;\">Vakum de\u011feri ve kondenser s\u0131cakl\u0131\u011f\u0131 cihaz\u0131n ekran\u0131ndan ayarlan\u0131p izlenebilir, ayr\u0131ca vakum, pompa ya\u011f\u0131, s\u0131cakl\u0131k ve ka\u00e7ak testi cihaz\u0131n bak\u0131m men\u00fcs\u00fcnden takip edilebilir.\u00a0<\/span><\/p>\n<div><span style=\"font-weight: 400;\"><a href=\"https:\/\/teknosem.com.tr\/lab\/wp-content\/uploads\/2024\/11\/Standart-01-1.jpg\"><img decoding=\"async\" class=\"alignnone wp-image-17581 size-full\" src=\"https:\/\/teknosem.com.tr\/lab\/wp-content\/uploads\/2024\/11\/tanitim-dokumani.png\" alt=\"\" width=\"311\" height=\"36\" srcset=\"https:\/\/teknosem.com.tr\/lab\/wp-content\/uploads\/2024\/11\/tanitim-dokumani.png 311w, https:\/\/teknosem.com.tr\/lab\/wp-content\/uploads\/2024\/11\/tanitim-dokumani-18x2.png 18w\" sizes=\"(max-width: 311px) 100vw, 311px\" \/> <\/a><\/p>\n<p> <a href=\"https:\/\/teknosem.com.tr\/lab\/wp-content\/uploads\/2025\/03\/TRS-2-2_V1.1.pdf\"><img decoding=\"async\" class=\"alignnone wp-image-17582 size-full\" src=\"https:\/\/teknosem.com.tr\/lab\/wp-content\/uploads\/2024\/11\/Kullanim-Kilavuz.png\" alt=\"\" width=\"311\" height=\"36\" srcset=\"https:\/\/teknosem.com.tr\/lab\/wp-content\/uploads\/2024\/11\/Kullanim-Kilavuz.png 311w, https:\/\/teknosem.com.tr\/lab\/wp-content\/uploads\/2024\/11\/Kullanim-Kilavuz-18x2.png 18w\" sizes=\"(max-width: 311px) 100vw, 311px\" \/><\/a><\/p>\n<p><a href=\"https:\/\/teknosem.com.tr\/lab\/en\/teklif-al\/\"><img decoding=\"async\" class=\"alignnone wp-image-17583 size-full\" src=\"https:\/\/teknosem.com.tr\/lab\/wp-content\/uploads\/2024\/11\/teklif-al.png\" alt=\"\" width=\"311\" height=\"35\" srcset=\"https:\/\/teknosem.com.tr\/lab\/wp-content\/uploads\/2024\/11\/teklif-al.png 311w, https:\/\/teknosem.com.tr\/lab\/wp-content\/uploads\/2024\/11\/teklif-al-18x2.png 18w\" sizes=\"(max-width: 311px) 100vw, 311px\" \/><\/a><\/span><\/div>","protected":false},"featured_media":17421,"comment_status":"open","ping_status":"closed","template":"","meta":{"inline_featured_image":false},"product_brand":[],"product_cat":[184,20],"product_tag":[],"class_list":{"0":"post-17410","1":"product","2":"type-product","3":"status-publish","4":"has-post-thumbnail","6":"product_cat-liyofilizator","7":"product_cat-laboratuvar-cihazlari","9":"first","10":"instock","11":"shipping-taxable","12":"product-type-simple"},"_links":{"self":[{"href":"https:\/\/teknosem.com.tr\/lab\/en\/wp-json\/wp\/v2\/product\/17410","targetHints":{"allow":["GET"]}}],"collection":[{"href":"https:\/\/teknosem.com.tr\/lab\/en\/wp-json\/wp\/v2\/product"}],"about":[{"href":"https:\/\/teknosem.com.tr\/lab\/en\/wp-json\/wp\/v2\/types\/product"}],"replies":[{"embeddable":true,"href":"https:\/\/teknosem.com.tr\/lab\/en\/wp-json\/wp\/v2\/comments?post=17410"}],"wp:featuredmedia":[{"embeddable":true,"href":"https:\/\/teknosem.com.tr\/lab\/en\/wp-json\/wp\/v2\/media\/17421"}],"wp:attachment":[{"href":"https:\/\/teknosem.com.tr\/lab\/en\/wp-json\/wp\/v2\/media?parent=17410"}],"wp:term":[{"taxonomy":"product_brand","embeddable":true,"href":"https:\/\/teknosem.com.tr\/lab\/en\/wp-json\/wp\/v2\/product_brand?post=17410"},{"taxonomy":"product_cat","embeddable":true,"href":"https:\/\/teknosem.com.tr\/lab\/en\/wp-json\/wp\/v2\/product_cat?post=17410"},{"taxonomy":"product_tag","embeddable":true,"href":"https:\/\/teknosem.com.tr\/lab\/en\/wp-json\/wp\/v2\/product_tag?post=17410"}],"curies":[{"name":"wp","href":"https:\/\/api.w.org\/{rel}","templated":true}]}}